{"id":12230,"date":"2021-08-20T18:37:34","date_gmt":"2021-08-20T16:37:34","guid":{"rendered":"https:\/\/www.boergoats.co.za\/?page_id=12230"},"modified":"2021-09-05T17:45:37","modified_gmt":"2021-09-05T15:45:37","slug":"weaning","status":"publish","type":"page","link":"https:\/\/www.boergoats.co.za\/af\/weaning\/","title":{"rendered":"Speen"},"content":{"rendered":"<div data-elementor-type=\"wp-page\" data-elementor-id=\"12230\" class=\"elementor elementor-12230\" data-elementor-post-type=\"page\">\n\t\t\t\t\t\t<section class=\"wd-negative-gap elementor-section elementor-top-section elementor-element elementor-element-5c8293d elementor-section-full_width elementor-section-height-default elementor-section-height-default\" data-id=\"5c8293d\" data-element_type=\"section\" data-e-type=\"section\">\n\t\t\t\t\t\t<div class=\"elementor-container elementor-column-gap-default\">\n\t\t\t\t\t<div class=\"elementor-column elementor-col-100 elementor-top-column elementor-element elementor-element-d37daed\" data-id=\"d37daed\" data-element_type=\"column\" data-e-type=\"column\">\n\t\t\t<div class=\"elementor-widget-wrap elementor-element-populated\">\n\t\t\t\t\t\t<div class=\"elementor-element elementor-element-58082d5 elementor-widget elementor-widget-wd_banner\" data-id=\"58082d5\" data-element_type=\"widget\" data-e-type=\"widget\" data-widget_type=\"wd_banner.default\">\n\t\t\t\t<div class=\"elementor-widget-container\">\n\t\t\t\t\t\t\t<div class=\"promo-banner-wrapper\">\n\t\t\t<div class=\"promo-banner banner-default banner-hover-none color-scheme- banner-btn-size-default banner-btn-style-default wd-with-link\">\n\t\t\t\t<div class=\"main-wrapp-img\">\n\t\t\t\t\t<div class=\"banner-image wd-without-height\">\n\t\t\t\t\t\t\t\t\t\t\t\t\t\t\t\t\t\t\t\t\t<img fetchpriority=\"high\" decoding=\"async\" width=\"2560\" height=\"1920\" src=\"https:\/\/i0.wp.com\/www.boergoats.co.za\/wp-content\/uploads\/2021\/08\/DSCN1111-scaled.jpg?fit=2560%2C1920&amp;ssl=1\" class=\"attachment-full size-full\" alt=\"Boer Goat kids receiving creep feed\" srcset=\"https:\/\/i0.wp.com\/www.boergoats.co.za\/wp-content\/uploads\/2021\/08\/DSCN1111-scaled.jpg?w=2560&amp;ssl=1 2560w, https:\/\/i0.wp.com\/www.boergoats.co.za\/wp-content\/uploads\/2021\/08\/DSCN1111-scaled.jpg?resize=300%2C225&amp;ssl=1 300w, https:\/\/i0.wp.com\/www.boergoats.co.za\/wp-content\/uploads\/2021\/08\/DSCN1111-scaled.jpg?resize=1024%2C768&amp;ssl=1 1024w, https:\/\/i0.wp.com\/www.boergoats.co.za\/wp-content\/uploads\/2021\/08\/DSCN1111-scaled.jpg?resize=768%2C576&amp;ssl=1 768w, https:\/\/i0.wp.com\/www.boergoats.co.za\/wp-content\/uploads\/2021\/08\/DSCN1111-scaled.jpg?resize=1536%2C1152&amp;ssl=1 1536w, https:\/\/i0.wp.com\/www.boergoats.co.za\/wp-content\/uploads\/2021\/08\/DSCN1111-scaled.jpg?resize=2048%2C1536&amp;ssl=1 2048w, https:\/\/i0.wp.com\/www.boergoats.co.za\/wp-content\/uploads\/2021\/08\/DSCN1111-scaled.jpg?resize=400%2C300&amp;ssl=1 400w, https:\/\/i0.wp.com\/www.boergoats.co.za\/wp-content\/uploads\/2021\/08\/DSCN1111-scaled.jpg?resize=1200%2C900&amp;ssl=1 1200w, https:\/\/i0.wp.com\/www.boergoats.co.za\/wp-content\/uploads\/2021\/08\/DSCN1111-scaled.jpg?resize=150%2C113&amp;ssl=1 150w\" sizes=\"(max-width: 1000px) 100vw, 1000px\" \/>\t\t\t\t\t\t\t\t\t\t\t\t\t\t\t\t\t\t<\/div>\n\t\t\t\t<\/div>\n\n\t\t\t\t<div class=\"wrapper-content-banner wd-fill wd-items-top wd-justify-left\">\n\t\t\t\t\t<div class=\"content-banner  text-left\">\n\t\t\t\t\t\t\n\t\t\t\t\t\t\n\t\t\t\t\t\t\n\t\t\t\t\t\t\n\t\t\t\t\t\t\t\t\t\t\t<\/div>\n\t\t\t\t<\/div>\n\n\t\t\t\t\t\t\t\t\t<a href=\"#\" class=\"wd-promo-banner-link wd-fill\" aria-label=\"Banner link\"><\/a>\n\t\t\t\t\t\t\t<\/div>\n\t\t<\/div>\n\t\t\t\t\t\t<\/div>\n\t\t\t\t<\/div>\n\t\t\t\t\t<\/div>\n\t\t<\/div>\n\t\t\t\t\t<\/div>\n\t\t<\/section>\n\t\t\t\t<section class=\"wd-negative-gap elementor-section elementor-top-section elementor-element elementor-element-18dcf36 elementor-section-boxed elementor-section-height-default elementor-section-height-default\" data-id=\"18dcf36\" data-element_type=\"section\" data-e-type=\"section\">\n\t\t\t\t\t\t<div class=\"elementor-container elementor-column-gap-default\">\n\t\t\t\t\t<div class=\"elementor-column elementor-col-100 elementor-top-column elementor-element elementor-element-b67c440\" data-id=\"b67c440\" data-element_type=\"column\" data-e-type=\"column\">\n\t\t\t<div class=\"elementor-widget-wrap elementor-element-populated\">\n\t\t\t\t\t\t<div class=\"elementor-element elementor-element-1d02224 color-scheme-inherit text-left elementor-widget elementor-widget-text-editor\" data-id=\"1d02224\" data-element_type=\"widget\" data-e-type=\"widget\" data-widget_type=\"text-editor.default\">\n\t\t\t\t<div class=\"elementor-widget-container\">\n\t\t\t\t\t\t\t\t\t<h5 style=\"caret-color: #000000; color: #000000; font-style: normal; font-variant-caps: normal; text-transform: none;\"><span style=\"text-transform: var(--wd-title-transform);\"><b>SPEEN<\/b><\/span><\/h5><h4 style=\"caret-color: #000000; color: #000000; font-style: normal; font-variant-caps: normal; text-transform: none;\">Dit is noodsaaklik dat lammers van die ooi gespeen word sodat die die ooi kondisie kan opbou wat sy tydens laat dragtigheid en lakterings verloor het.  Sodoende sal sy weer reg wees om binne 'n redelike tyd gedek te word. Op di\u00e9 manier kan maksimale volhoubare produksie uit die ooi verkry, druk op weiding kan verminder en die optimale getal diere kan op 'n gegewe oppervlak aangehou word.<\/h4><p>\u00a0<\/p>\t\t\t\t\t\t\t\t<\/div>\n\t\t\t\t<\/div>\n\t\t\t\t\t<\/div>\n\t\t<\/div>\n\t\t\t\t\t<\/div>\n\t\t<\/section>\n\t\t\t\t<section class=\"wd-negative-gap elementor-section elementor-top-section elementor-element elementor-element-05db7c5 elementor-section-boxed elementor-section-height-default elementor-section-height-default\" data-id=\"05db7c5\" data-element_type=\"section\" data-e-type=\"section\">\n\t\t\t\t\t\t<div class=\"elementor-container elementor-column-gap-default\">\n\t\t\t\t\t<div class=\"elementor-column elementor-col-50 elementor-top-column elementor-element elementor-element-0017da5\" data-id=\"0017da5\" data-element_type=\"column\" data-e-type=\"column\">\n\t\t\t<div class=\"elementor-widget-wrap elementor-element-populated\">\n\t\t\t\t\t\t<div class=\"elementor-element elementor-element-c2b1e0c color-scheme-inherit text-left elementor-widget elementor-widget-text-editor\" data-id=\"c2b1e0c\" data-element_type=\"widget\" data-e-type=\"widget\" data-widget_type=\"text-editor.default\">\n\t\t\t\t<div class=\"elementor-widget-container\">\n\t\t\t\t\t\t\t\t\t<h5 style=\"caret-color: #000000; color: #000000; font-style: normal; font-variant-caps: normal; text-transform: none;\">Die produsent behoort bewus te wees dat speenskok tot gevolg het dat lammers se gewigstoename vir 'n periode van 7 - 10 dae tydelik afneem onmiddelik na speen.\u00a0<\/h5><h5 style=\"caret-color: #000000; color: #000000; font-style: normal; font-variant-caps: normal; text-transform: none;\">Om lammers van die ouderdom 10 tot 14 dae deur middel van die voer van kruipvoer op speen voor te berei kan speenskok aansienlik verminder. Dit het ook die positiewe gevolg dat gewigstoename in lammers aansienlik verbeter word.<\/h5><h5>Die produsent word aangeraai om met sy veevoeragent kontak te maak om verdere raad in te win.<\/h5>\t\t\t\t\t\t\t\t<\/div>\n\t\t\t\t<\/div>\n\t\t\t\t\t<\/div>\n\t\t<\/div>\n\t\t\t\t<div class=\"elementor-column elementor-col-50 elementor-top-column elementor-element elementor-element-632b514\" data-id=\"632b514\" data-element_type=\"column\" data-e-type=\"column\">\n\t\t\t<div class=\"elementor-widget-wrap elementor-element-populated\">\n\t\t\t\t\t\t<div class=\"elementor-element elementor-element-06e755b color-scheme-inherit text-left elementor-widget elementor-widget-text-editor\" data-id=\"06e755b\" data-element_type=\"widget\" data-e-type=\"widget\" data-widget_type=\"text-editor.default\">\n\t\t\t\t<div class=\"elementor-widget-container\">\n\t\t\t\t\t\t\t\t\t<h5>Indien weidingstoestande dit vereis (droogte, veldbrande, laat re\u00ebn ens) kan lammers vroe\u00ebr as hieronder aangedui, gespeen word.  'n Goeie voerrantsoen word in di\u00e9 geval aanbeveel.\u00a0<\/h5><h5><span style=\"text-decoration: underline;\"><strong>Speen Ouderdom<\/strong><\/span><\/h5><ul><li><h5>Ramlammers: 3 - 3,5 maande ouderdom<\/h5><\/li><li><h5>Ooilammers en kapaters: 3,5 - 4,5 maande.<\/h5><\/li><\/ul><h5>Om kruipvoer vanaf rondom 10 dae ouderdom te voer verbeter die groeitempo van lammers. Dit verminder druk op die ooi en lammers kan ook vroe\u00ebr gespeen word indien toestande dit vereis.<\/h5><h5>\u00a0<\/h5>\t\t\t\t\t\t\t\t<\/div>\n\t\t\t\t<\/div>\n\t\t\t\t\t<\/div>\n\t\t<\/div>\n\t\t\t\t\t<\/div>\n\t\t<\/section>\n\t\t\t\t<section class=\"wd-negative-gap elementor-section elementor-top-section elementor-element elementor-element-bd64a80 elementor-section-boxed elementor-section-height-default elementor-section-height-default\" data-id=\"bd64a80\" data-element_type=\"section\" data-e-type=\"section\">\n\t\t\t\t\t\t<div class=\"elementor-container elementor-column-gap-default\">\n\t\t\t\t\t<div class=\"elementor-column elementor-col-50 elementor-top-column elementor-element elementor-element-7f161ba\" data-id=\"7f161ba\" data-element_type=\"column\" data-e-type=\"column\">\n\t\t\t<div class=\"elementor-widget-wrap elementor-element-populated\">\n\t\t\t\t\t\t<div class=\"elementor-element elementor-element-606ef71 elementor-widget elementor-widget-video\" data-id=\"606ef71\" data-element_type=\"widget\" data-e-type=\"widget\" data-settings=\"{&quot;video_type&quot;:&quot;vimeo&quot;}\" data-widget_type=\"video.default\">\n\t\t\t\t<div class=\"elementor-widget-container\">\n\t\t\t\t\t\t\t<div class=\"elementor-wrapper elementor-open-inline\">\n\t\t\t<iframe class=\"elementor-video-iframe\" allowfullscreen allow=\"clipboard-write\" title=\"youtube Video Player\" src=\"https:\/\/www.youtube.com\/embed\/ZnZ-zoyRBE8?feature=oembed&amp;color&amp;autopause=0&amp;loop=0&amp;muted=0&amp;title=1&amp;portrait=1&amp;byline=1\" data-no-translation-title=\"\"><\/iframe>\t\t<\/div>\n\t\t\t\t\t\t<\/div>\n\t\t\t\t<\/div>\n\t\t\t\t<div class=\"elementor-element elementor-element-8e6e36c wd-width-100 elementor-widget elementor-widget-wd_title\" data-id=\"8e6e36c\" data-element_type=\"widget\" data-e-type=\"widget\" data-widget_type=\"wd_title.default\">\n\t\t\t\t<div class=\"elementor-widget-container\">\n\t\t\t\t\t\t\t<div class=\"title-wrapper wd-set-mb reset-last-child wd-title-color-default wd-title-style-default wd-title-size-default text-left\">\n\n\t\t\t\n\t\t\t<div class=\"liner-continer\">\n\t\t\t\t<h4 class=\"woodmart-title-container title wd-fontsize-l\">Patriot Boerbokstoet<\/h4> \n\t\t\t\t\t\t\t<\/div>\n\n\t\t\t\t\t<\/div>\n\t\t\t\t\t\t<\/div>\n\t\t\t\t<\/div>\n\t\t\t\t<div class=\"elementor-element elementor-element-243bfe6 color-scheme-inherit text-left elementor-widget elementor-widget-text-editor\" data-id=\"243bfe6\" data-element_type=\"widget\" data-e-type=\"widget\" data-widget_type=\"text-editor.default\">\n\t\t\t\t<div class=\"elementor-widget-container\">\n\t\t\t\t\t\t\t\t\t<p>Patriot Boerbokke is funksioneel doetreffende diere wat onder ekstensiewe omstandighede in die Karoo geproduseer word.  Hulle is nie visueel indrukwekkende vetgevoerde diere wat kondisie verloorw anneer hulle in die veld is nie.  Hulle dek maklik elk hulle 30 ooie in die veld met minimale insette terwyl hulle hul kondisie behou.<\/p>\t\t\t\t\t\t\t\t<\/div>\n\t\t\t\t<\/div>\n\t\t\t\t\t<\/div>\n\t\t<\/div>\n\t\t\t\t<div class=\"elementor-column elementor-col-50 elementor-top-column elementor-element elementor-element-916044a\" data-id=\"916044a\" data-element_type=\"column\" data-e-type=\"column\">\n\t\t\t<div class=\"elementor-widget-wrap elementor-element-populated\">\n\t\t\t\t\t\t<div class=\"elementor-element elementor-element-b001290 elementor-widget elementor-widget-video\" data-id=\"b001290\" data-element_type=\"widget\" data-e-type=\"widget\" data-settings=\"{&quot;youtube_url&quot;:&quot;https:\\\/\\\/www.youtube.com\\\/watch?v=NBZ66veUP2E&quot;,&quot;video_type&quot;:&quot;youtube&quot;}\" data-widget_type=\"video.default\">\n\t\t\t\t<div class=\"elementor-widget-container\">\n\t\t\t\t\t\t\t<div class=\"elementor-wrapper elementor-open-inline\">\n\t\t\t<div class=\"elementor-video\"><\/div>\t\t<\/div>\n\t\t\t\t\t\t<\/div>\n\t\t\t\t<\/div>\n\t\t\t\t<div class=\"elementor-element elementor-element-a97a3ce wd-width-100 elementor-widget elementor-widget-wd_title\" data-id=\"a97a3ce\" data-element_type=\"widget\" data-e-type=\"widget\" data-widget_type=\"wd_title.default\">\n\t\t\t\t<div class=\"elementor-widget-container\">\n\t\t\t\t\t\t\t<div class=\"title-wrapper wd-set-mb reset-last-child wd-title-color-default wd-title-style-default wd-title-size-default text-left\">\n\n\t\t\t\n\t\t\t<div class=\"liner-continer\">\n\t\t\t\t<h4 class=\"woodmart-title-container title wd-fontsize-l\">Spalk van 'n Boerbok se gebreekte voorbeen<br \/>\n<\/h4> \n\t\t\t\t\t\t\t<\/div>\n\n\t\t\t\t\t<\/div>\n\t\t\t\t\t\t<\/div>\n\t\t\t\t<\/div>\n\t\t\t\t<div class=\"elementor-element elementor-element-822fa7a color-scheme-inherit text-left elementor-widget elementor-widget-text-editor\" data-id=\"822fa7a\" data-element_type=\"widget\" data-e-type=\"widget\" data-widget_type=\"text-editor.default\">\n\t\t\t\t<div class=\"elementor-widget-container\">\n\t\t\t\t\t\t\t\t\t<div id=\"meta\" class=\"style-scope ytd-watch-flexy\"><div id=\"meta-contents\" class=\"style-scope ytd-watch-flexy\"><div id=\"container\" class=\"style-scope ytd-video-secondary-info-renderer\"><div id=\"content\" class=\"style-scope ytd-expander\"><div id=\"description\" class=\"style-scope ytd-video-secondary-info-renderer\">Hoe om 'n Boerbok se gebreekte voorbeen te spalk.<\/div><div class=\"style-scope ytd-video-secondary-info-renderer\">Dit word aanbeveel om 1ml per 10 kg liggamsgewig bre\u00eb spektrum langwerkende antibiotika teen sekond\u00eare infeksie toe te dien.  Hou die dier stil en rustig. Die been behoort binne 6 - 8 weke aan te groei waarna die dier in 'n klein kamp aangehou kan word terwylspiermassa en soepelheid herstel.<\/div><\/div><\/div><\/div><\/div>\t\t\t\t\t\t\t\t<\/div>\n\t\t\t\t<\/div>\n\t\t\t\t\t<\/div>\n\t\t<\/div>\n\t\t\t\t\t<\/div>\n\t\t<\/section>\n\t\t\t\t<\/div>","protected":false},"excerpt":{"rendered":"<p>WEANING It is essential that kids are weaned from their dams in order that the doe may regain lost condition<\/p>","protected":false},"author":1,"featured_media":0,"parent":0,"menu_order":0,"comment_status":"closed","ping_status":"closed","template":"","meta":{"footnotes":""},"class_list":["post-12230","page","type-page","status-publish","hentry"],"jetpack_sharing_enabled":true,"_links":{"self":[{"href":"https:\/\/www.boergoats.co.za\/af\/wp-json\/wp\/v2\/pages\/12230","targetHints":{"allow":["GET"]}}],"collection":[{"href":"https:\/\/www.boergoats.co.za\/af\/wp-json\/wp\/v2\/pages"}],"about":[{"href":"https:\/\/www.boergoats.co.za\/af\/wp-json\/wp\/v2\/types\/page"}],"author":[{"embeddable":true,"href":"https:\/\/www.boergoats.co.za\/af\/wp-json\/wp\/v2\/users\/1"}],"replies":[{"embeddable":true,"href":"https:\/\/www.boergoats.co.za\/af\/wp-json\/wp\/v2\/comments?post=12230"}],"version-history":[{"count":35,"href":"https:\/\/www.boergoats.co.za\/af\/wp-json\/wp\/v2\/pages\/12230\/revisions"}],"predecessor-version":[{"id":13290,"href":"https:\/\/www.boergoats.co.za\/af\/wp-json\/wp\/v2\/pages\/12230\/revisions\/13290"}],"wp:attachment":[{"href":"https:\/\/www.boergoats.co.za\/af\/wp-json\/wp\/v2\/media?parent=12230"}],"curies":[{"name":"wp","href":"https:\/\/api.w.org\/{rel}","templated":true}]}}