{"id":12217,"date":"2021-08-20T17:36:43","date_gmt":"2021-08-20T15:36:43","guid":{"rendered":"https:\/\/www.boergoats.co.za\/?page_id=12217"},"modified":"2021-09-16T11:13:45","modified_gmt":"2021-09-16T09:13:45","slug":"kidding","status":"publish","type":"page","link":"https:\/\/www.boergoats.co.za\/af\/kidding\/","title":{"rendered":"Lamtyd"},"content":{"rendered":"<div data-elementor-type=\"wp-page\" data-elementor-id=\"12217\" class=\"elementor elementor-12217\" data-elementor-post-type=\"page\">\n\t\t\t\t\t\t<section class=\"wd-negative-gap elementor-section elementor-top-section elementor-element elementor-element-5c8293d elementor-section-full_width elementor-section-height-default elementor-section-height-default\" data-id=\"5c8293d\" data-element_type=\"section\" data-e-type=\"section\">\n\t\t\t\t\t\t<div class=\"elementor-container elementor-column-gap-default\">\n\t\t\t\t\t<div class=\"elementor-column elementor-col-100 elementor-top-column elementor-element elementor-element-d37daed\" data-id=\"d37daed\" data-element_type=\"column\" data-e-type=\"column\">\n\t\t\t<div class=\"elementor-widget-wrap elementor-element-populated\">\n\t\t\t\t\t\t<div class=\"elementor-element elementor-element-c17c541 elementor-widget elementor-widget-image\" data-id=\"c17c541\" data-element_type=\"widget\" data-e-type=\"widget\" data-widget_type=\"image.default\">\n\t\t\t\t<div class=\"elementor-widget-container\">\n\t\t\t\t\t\t\t\t\t\t\t\t\t\t\t<img fetchpriority=\"high\" decoding=\"async\" width=\"1280\" height=\"850\" src=\"https:\/\/i0.wp.com\/www.boergoats.co.za\/wp-content\/uploads\/2021\/08\/Jong-suiplammers-by-ooi.jpg?fit=1280%2C850&amp;ssl=1\" class=\"attachment-full size-full wp-image-12527\" alt=\"Boer Goat doe with kids at foot\" srcset=\"https:\/\/i0.wp.com\/www.boergoats.co.za\/wp-content\/uploads\/2021\/08\/Jong-suiplammers-by-ooi.jpg?w=1280&amp;ssl=1 1280w, https:\/\/i0.wp.com\/www.boergoats.co.za\/wp-content\/uploads\/2021\/08\/Jong-suiplammers-by-ooi.jpg?resize=300%2C199&amp;ssl=1 300w, https:\/\/i0.wp.com\/www.boergoats.co.za\/wp-content\/uploads\/2021\/08\/Jong-suiplammers-by-ooi.jpg?resize=1024%2C680&amp;ssl=1 1024w, https:\/\/i0.wp.com\/www.boergoats.co.za\/wp-content\/uploads\/2021\/08\/Jong-suiplammers-by-ooi.jpg?resize=768%2C510&amp;ssl=1 768w, https:\/\/i0.wp.com\/www.boergoats.co.za\/wp-content\/uploads\/2021\/08\/Jong-suiplammers-by-ooi.jpg?resize=400%2C266&amp;ssl=1 400w, https:\/\/i0.wp.com\/www.boergoats.co.za\/wp-content\/uploads\/2021\/08\/Jong-suiplammers-by-ooi.jpg?resize=1200%2C797&amp;ssl=1 1200w, https:\/\/i0.wp.com\/www.boergoats.co.za\/wp-content\/uploads\/2021\/08\/Jong-suiplammers-by-ooi.jpg?resize=150%2C100&amp;ssl=1 150w\" sizes=\"(max-width: 1000px) 100vw, 1000px\" \/>\t\t\t\t\t\t\t\t\t\t\t\t\t\t\t<\/div>\n\t\t\t\t<\/div>\n\t\t\t\t\t<\/div>\n\t\t<\/div>\n\t\t\t\t\t<\/div>\n\t\t<\/section>\n\t\t\t\t<section class=\"wd-negative-gap elementor-section elementor-top-section elementor-element elementor-element-62a7a39 elementor-section-boxed elementor-section-height-default elementor-section-height-default\" data-id=\"62a7a39\" data-element_type=\"section\" data-e-type=\"section\">\n\t\t\t\t\t\t<div class=\"elementor-container elementor-column-gap-default\">\n\t\t\t\t\t<div class=\"elementor-column elementor-col-100 elementor-top-column elementor-element elementor-element-ed07b26\" data-id=\"ed07b26\" data-element_type=\"column\" data-e-type=\"column\">\n\t\t\t<div class=\"elementor-widget-wrap elementor-element-populated\">\n\t\t\t\t\t\t<div class=\"elementor-element elementor-element-d88282c color-scheme-inherit text-left elementor-widget elementor-widget-text-editor\" data-id=\"d88282c\" data-element_type=\"widget\" data-e-type=\"widget\" data-widget_type=\"text-editor.default\">\n\t\t\t\t<div class=\"elementor-widget-container\">\n\t\t\t\t\t\t\t\t\t<h4 style=\"caret-color: #000000; color: #000000; font-style: normal; font-variant-caps: normal; text-transform: none;\">LAMMING<\/h4><h4 style=\"caret-color: #000000; color: #000000; font-style: normal; font-variant-caps: normal; text-transform: none;\">Die lamseisoen is een van die belangrikste fases in 'n kleinveeboerdery. Lammortaliteite het 'n geweldige negatiewe uitwerking op die winsgewendheid van die boerdery, Goeie bestuur kan di\u00e9 verliese help beperk. Mortaliteite as gevolg van swak bestuur, swak voedingstatus van die ooi gedurende die laaste trimester van dragtigheid. Oorvoeding kan net so 'n negatiewe uitwerking teweeg bring. Die ooi behoort, met 'n voedingregime wat op standaard is, tussen 7 kg en 9 kg gewigstoename tydens die laaste ses weke van dragtigheid te toon.<\/h4><p>\u00a0<\/p>\t\t\t\t\t\t\t\t<\/div>\n\t\t\t\t<\/div>\n\t\t\t\t\t<\/div>\n\t\t<\/div>\n\t\t\t\t\t<\/div>\n\t\t<\/section>\n\t\t\t\t<section class=\"wd-negative-gap elementor-section elementor-top-section elementor-element elementor-element-05db7c5 elementor-section-boxed elementor-section-height-default elementor-section-height-default\" data-id=\"05db7c5\" data-element_type=\"section\" data-e-type=\"section\">\n\t\t\t\t\t\t<div class=\"elementor-container elementor-column-gap-default\">\n\t\t\t\t\t<div class=\"elementor-column elementor-col-50 elementor-top-column elementor-element elementor-element-0017da5\" data-id=\"0017da5\" data-element_type=\"column\" data-e-type=\"column\">\n\t\t\t<div class=\"elementor-widget-wrap elementor-element-populated\">\n\t\t\t\t\t\t<div class=\"elementor-element elementor-element-c2b1e0c color-scheme-inherit text-left elementor-widget elementor-widget-text-editor\" data-id=\"c2b1e0c\" data-element_type=\"widget\" data-e-type=\"widget\" data-widget_type=\"text-editor.default\">\n\t\t\t\t<div class=\"elementor-widget-container\">\n\t\t\t\t\t\t\t\t\t<h5>Lamming behoort plaas te vind wanneer goeie gehalte weiding volop is en tot na speen  op tussen 3 -4 maande beskikbaar gaan wees. Dit dra daartoe by dat sterk gesonde lammers teen die laagste koste geproduseer word.  Dit is veral vir lakterende ooie belangrik sodat lammers vinnig kan groei. Aanvulling deur die korrekte asook voldoende lekke, veral in harde or droogtegeteisterde gebiede, is veral belangrik. Deur die dekseisoen so kort as moontlik te hou \u2014 \u00f3f 18 \u00f3f 36 dae \u2014 sal die gevolglike kort lamseisoen die bestuur daarvan aansienlik vergemaklik.<\/h5><h5><span style=\"text-decoration: underline;\"><strong>Voor Lamming<\/strong><\/span><br \/>Tydens die laaste trimester van dragtigheid behoort ooie teen interne parasiete, veral neuswurm, gedoseer te word sodat hulle maklik hul lammers deur middel van reuk kan opspoor. Reuk speel 'n belangrike rol daarin om ooie en lammers by mekaar te hou, daarom is dit belangrik dat die neus veral vry van parasiete is.  Interne parasiete verswak ook die dier se weerstand en algehele kondisie.  Die toediening van Vitamiene A sal algehele kondisie verbeter, weerstandsvlakke verhoog en daartoe bydra dat die nageboorte afgeskei word.<\/h5><h5>Ent 2 - 3 maande voor lam teen baarmoederinfeksie. Simptome hiervan is dat ooi kort na lam, gewoonlik rondom drie dae, as gevolg van erge besmetting van die baarmoeder, vrek.<\/h5><h5>Ent een maand voor lam teen Orf (vuilbek).  Dit sal ook die oordrag van vratte van besmette lammers na die ooi se spene toe verhoed.<\/h5><h5>Tot 60% van die fetus se groei vind tydens die laaste drie weke van dragtigheid. Voldoende byvoeding van die regte gehalte en soort is noodsaaklik vir gesonde swaar lammers.<\/h5><h5>Boerbokke lewer maklik lampersentasies van 180%, gegewe goeie bestuursinsette. Doeltreffende byvoeding dra daartoe by dat sterk lammers gebore word wat ho\u00ebr oorlewingspersentasies tot gevolg het, veral belangrik met meerlinglammers. Tydens droogtes is dit veral belangrik om voldoende inname van die korrekte lekke vanaf sowat twee maande dragtigheid te verskaf.<\/h5><h5><span style=\"text-decoration: underline;\"><strong>Gedurende die Lamseisoen.<\/strong><\/span><br \/>Die lamseisoen verg 'n ho\u00ebr standaard van bestuur en betrokkenheid van die boer af. Daarom is dit belangrik dat die lamseisoen so kort as moontlik gehou word.  Vooraf beplanning is van kardinale belang vir 'n suksesvolle lamseisoen.<\/h5><h5>Dit is voordelig om een van die volgende metodes, of 'n kombinasie daarvan, afhangende van spesifieke omstandighede, te gebruik.<\/h5>\t\t\t\t\t\t\t\t<\/div>\n\t\t\t\t<\/div>\n\t\t\t\t\t<\/div>\n\t\t<\/div>\n\t\t\t\t<div class=\"elementor-column elementor-col-50 elementor-top-column elementor-element elementor-element-a72d894\" data-id=\"a72d894\" data-element_type=\"column\" data-e-type=\"column\">\n\t\t\t<div class=\"elementor-widget-wrap elementor-element-populated\">\n\t\t\t\t\t\t<div class=\"elementor-element elementor-element-7692dbf color-scheme-inherit text-left elementor-widget elementor-widget-text-editor\" data-id=\"7692dbf\" data-element_type=\"widget\" data-e-type=\"widget\" data-widget_type=\"text-editor.default\">\n\t\t\t\t<div class=\"elementor-widget-container\">\n\t\t\t\t\t\t\t\t\t<h5><span style=\"text-decoration: underline;\"><strong>Lammers in 'n Kraal<\/strong><\/span><br \/>Met di\u00e9 stelsel bly lammers in die kraal agter wanneer ooie veld toe gaan. Di\u00e9 stelsel word slegs aanbeveel waar geen aander metode werkbaar is nie. Lammers word met di\u00e9 stelsel daarvan ontneem dat hulle dikwels klein volumes biesmelk suip. Wanneer ooie terugkeer en die lammers suip noodgedwonge groter volumes melk, veroorsaak dit dikwels skitterry wat daartoe lei dat lammers vinnig ontwater, lewenskragtigheid neem af, en vrektes kom voor.<\/h5><h5><br \/><span style=\"text-decoration: underline;\"><strong>Klein Kampies<\/strong><\/span><br \/>Die ontwikkeling van klein kampies met voldoende beskutting, weiding en koelte, en wat vir die lamseisoen gespaar is, word algemeen toegepas in die bedryf. Onder so 'n stelsel word bestuurbare getalle dragtige ooie in di\u00e9 kampies geplaas waar hulle met minimale steurnis kan lam en vir 2 -3 weke daarna met hulle lammers kan bly voordat hulle in groter troppe bygevoeg word.  'n Goeie bestuurspraktyk is om elke lam se ma se nommer, verkieslik op sy oorplaat, aante bring sodat ooi en lammers maklik ge\u00efdentifiseer kan word.  dit is veral met meerling lammers belangrik.<\/h5><h5>Drielinglammers bied spesifieke uitdagings en die volgende alternatiewe oplossings word voorgestel:<\/h5><h5>Maak in die eerste drie weke van stelsel nommer een hierbo, naamlik klein krale, gebruik.<\/h5><h5>Omdat ooie streng gesproke slegs twee spene het, het 'n drieling altyd 'n agterstand.  Die swakste lam word al minder suiptyd deur sy sterkter sibbes by die speen toegelaat en groei hy al stadiger.  Nietemin, met goeie bestuur en 'n verhoogde voedingstatus, kan 'n Boerbokooi 'n drieling goed grootmaak.<\/h5><h5>Alternatiewelik kan die derde lam deur middel van die volgende by 'n ander ooi met 'n enkellam geplaas word:<\/h5><h5>Plaas die enkellam ooi in 'n lamhok tesame met haar lam asook die drielinglam van die ander ooi.  Dit moet so gou moontlik gebeur nadat die twee betrokke ooie gelam het, verkieslik binne 'n uur of so.  Die lam kan dan bygestaan word om by sy pleegma te suip totdat sy hom aanvaar.<\/h5><h5>Die drielinglam kan ook met 'n bottel grootgemaak word maar dit is arbeidsintensief.  Gebruik van 'n melkbok kan ook 'n oplossing bied, melkbokke laat maklik 'n hele paar lammers aan hulle suip.<\/h5>\t\t\t\t\t\t\t\t<\/div>\n\t\t\t\t<\/div>\n\t\t\t\t\t<\/div>\n\t\t<\/div>\n\t\t\t\t\t<\/div>\n\t\t<\/section>\n\t\t\t\t<section class=\"wd-negative-gap elementor-section elementor-top-section elementor-element elementor-element-bd64a80 elementor-section-boxed elementor-section-height-default elementor-section-height-default\" data-id=\"bd64a80\" data-element_type=\"section\" data-e-type=\"section\">\n\t\t\t\t\t\t<div class=\"elementor-container elementor-column-gap-default\">\n\t\t\t\t\t<div class=\"elementor-column elementor-col-50 elementor-top-column elementor-element elementor-element-7f161ba\" data-id=\"7f161ba\" data-element_type=\"column\" data-e-type=\"column\">\n\t\t\t<div class=\"elementor-widget-wrap elementor-element-populated\">\n\t\t\t\t\t\t<div class=\"elementor-element elementor-element-606ef71 elementor-widget elementor-widget-video\" data-id=\"606ef71\" data-element_type=\"widget\" data-e-type=\"widget\" data-settings=\"{&quot;youtube_url&quot;:&quot;https:\\\/\\\/youtu.be\\\/6TyGofndXiY&quot;,&quot;video_type&quot;:&quot;youtube&quot;}\" data-widget_type=\"video.default\">\n\t\t\t\t<div class=\"elementor-widget-container\">\n\t\t\t\t\t\t\t<div class=\"elementor-wrapper elementor-open-inline\">\n\t\t\t<div class=\"elementor-video\"><\/div>\t\t<\/div>\n\t\t\t\t\t\t<\/div>\n\t\t\t\t<\/div>\n\t\t\t\t<div class=\"elementor-element elementor-element-8e6e36c wd-width-100 elementor-widget elementor-widget-wd_title\" data-id=\"8e6e36c\" data-element_type=\"widget\" data-e-type=\"widget\" data-widget_type=\"wd_title.default\">\n\t\t\t\t<div class=\"elementor-widget-container\">\n\t\t\t\t\t\t\t<div class=\"title-wrapper wd-set-mb reset-last-child wd-title-color-default wd-title-style-default wd-title-size-default text-left\">\n\n\t\t\t\n\t\t\t<div class=\"liner-continer\">\n\t\t\t\t<h4 class=\"woodmart-title-container title wd-fontsize-l\">Lamhokke by Patriot Boerbokstoet<\/h4> \n\t\t\t\t\t\t\t<\/div>\n\n\t\t\t\t\t<\/div>\n\t\t\t\t\t\t<\/div>\n\t\t\t\t<\/div>\n\t\t\t\t<div class=\"elementor-element elementor-element-243bfe6 color-scheme-inherit text-left elementor-widget elementor-widget-text-editor\" data-id=\"243bfe6\" data-element_type=\"widget\" data-e-type=\"widget\" data-widget_type=\"text-editor.default\">\n\t\t\t\t<div class=\"elementor-widget-container\">\n\t\t\t\t\t\t\t\t\t<h5>'n Kort videogreep wat die lamhokke by Patriot Boerbokstoet tentoonstel.  Dit wys op die belangrikheid van higi\u00ebne in die produksie van gesonde lammers. Terwyl die stelsel dikwels as arbeidsintensief gekritiseer word en daar ook die kapitaalkoste van die oprigting daarvan is, vergoed die verbeterde bestuur en minimale verliese daarvoor.<\/h5><h5>\u00a9 Patriot Boerbokstoet<\/h5>\t\t\t\t\t\t\t\t<\/div>\n\t\t\t\t<\/div>\n\t\t\t\t\t<\/div>\n\t\t<\/div>\n\t\t\t\t<div class=\"elementor-column elementor-col-50 elementor-top-column elementor-element elementor-element-916044a\" data-id=\"916044a\" data-element_type=\"column\" data-e-type=\"column\">\n\t\t\t<div class=\"elementor-widget-wrap elementor-element-populated\">\n\t\t\t\t\t\t<div class=\"elementor-element elementor-element-b001290 elementor-widget elementor-widget-video\" data-id=\"b001290\" data-element_type=\"widget\" data-e-type=\"widget\" data-settings=\"{&quot;youtube_url&quot;:&quot;https:\\\/\\\/youtu.be\\\/iO2DZAML8GU&quot;,&quot;video_type&quot;:&quot;youtube&quot;}\" data-widget_type=\"video.default\">\n\t\t\t\t<div class=\"elementor-widget-container\">\n\t\t\t\t\t\t\t<div class=\"elementor-wrapper elementor-open-inline\">\n\t\t\t<div class=\"elementor-video\"><\/div>\t\t<\/div>\n\t\t\t\t\t\t<\/div>\n\t\t\t\t<\/div>\n\t\t\t\t<div class=\"elementor-element elementor-element-a97a3ce wd-width-100 elementor-widget elementor-widget-wd_title\" data-id=\"a97a3ce\" data-element_type=\"widget\" data-e-type=\"widget\" data-widget_type=\"wd_title.default\">\n\t\t\t\t<div class=\"elementor-widget-container\">\n\t\t\t\t\t\t\t<div class=\"title-wrapper wd-set-mb reset-last-child wd-title-color-default wd-title-style-default wd-title-size-default text-left\">\n\n\t\t\t\n\t\t\t<div class=\"liner-continer\">\n\t\t\t\t<h4 class=\"woodmart-title-container title wd-fontsize-l\">Eerste lam ooi vertoon goeie moedereienskappe<br \/>\n<\/h4> \n\t\t\t\t\t\t\t<\/div>\n\n\t\t\t\t\t<\/div>\n\t\t\t\t\t\t<\/div>\n\t\t\t\t<\/div>\n\t\t\t\t<div class=\"elementor-element elementor-element-822fa7a color-scheme-inherit text-left elementor-widget elementor-widget-text-editor\" data-id=\"822fa7a\" data-element_type=\"widget\" data-e-type=\"widget\" data-widget_type=\"text-editor.default\">\n\t\t\t\t<div class=\"elementor-widget-container\">\n\t\t\t\t\t\t\t\t\t<div id=\"meta\" class=\"style-scope ytd-watch-flexy\"><div id=\"meta-contents\" class=\"style-scope ytd-watch-flexy\"><div id=\"container\" class=\"style-scope ytd-video-secondary-info-renderer\"><div id=\"content\" class=\"style-scope ytd-expander\"><div id=\"description\" class=\"style-scope ytd-video-secondary-info-renderer\"><h5>'n Eerste lam ooi van Patriot Boerbokstoet vertoon goeie moedereienskappe deur vir haar pasgebore lam te sorg. Eerste lam ooie lewer gewoonlik 'n enkel lam met geboorte.  Daarna is meerlinglammers gewoonlik 'n algemene verskynsel.<\/h5><h5>\u00a9 Patriot Boerbokstoet<\/h5><\/div><\/div><\/div><\/div><\/div>\t\t\t\t\t\t\t\t<\/div>\n\t\t\t\t<\/div>\n\t\t\t\t\t<\/div>\n\t\t<\/div>\n\t\t\t\t\t<\/div>\n\t\t<\/section>\n\t\t\t\t<\/div>","protected":false},"excerpt":{"rendered":"<p>KIDDING The kidding period is the most important phase of any smallstock operation. Kid mortalities under extensive conditions is an<\/p>","protected":false},"author":1,"featured_media":0,"parent":0,"menu_order":0,"comment_status":"closed","ping_status":"closed","template":"","meta":{"footnotes":""},"class_list":["post-12217","page","type-page","status-publish","hentry"],"jetpack_sharing_enabled":true,"_links":{"self":[{"href":"https:\/\/www.boergoats.co.za\/af\/wp-json\/wp\/v2\/pages\/12217","targetHints":{"allow":["GET"]}}],"collection":[{"href":"https:\/\/www.boergoats.co.za\/af\/wp-json\/wp\/v2\/pages"}],"about":[{"href":"https:\/\/www.boergoats.co.za\/af\/wp-json\/wp\/v2\/types\/page"}],"author":[{"embeddable":true,"href":"https:\/\/www.boergoats.co.za\/af\/wp-json\/wp\/v2\/users\/1"}],"replies":[{"embeddable":true,"href":"https:\/\/www.boergoats.co.za\/af\/wp-json\/wp\/v2\/comments?post=12217"}],"version-history":[{"count":58,"href":"https:\/\/www.boergoats.co.za\/af\/wp-json\/wp\/v2\/pages\/12217\/revisions"}],"predecessor-version":[{"id":13637,"href":"https:\/\/www.boergoats.co.za\/af\/wp-json\/wp\/v2\/pages\/12217\/revisions\/13637"}],"wp:attachment":[{"href":"https:\/\/www.boergoats.co.za\/af\/wp-json\/wp\/v2\/media?parent=12217"}],"curies":[{"name":"wp","href":"https:\/\/api.w.org\/{rel}","templated":true}]}}